{"id":9,"date":"2007-06-03T18:49:36","date_gmt":"2007-06-03T16:49:36","guid":{"rendered":"http:\/\/www.dfjuenemann.de\/tap\/?page_id=9"},"modified":"2017-08-07T00:05:15","modified_gmt":"2017-08-06T22:05:15","slug":"zertifizierung","status":"publish","type":"page","link":"http:\/\/www.dfjuenemann.de\/tap\/?page_id=9","title":{"rendered":"Zertifizierungen"},"content":{"rendered":"<p><strong>Wir sind GVP-zertifiziert<\/strong><\/p>\n<p>Wir freuen uns, allen Besuchern unserer Website mitteilen zu k\u00f6nnen, dass unsere Bem\u00fchungen, in unserer Praxis ein Qualit\u00e4tsmanagement nach dem GVP-Kodex einzuf\u00fchren, erfolgreich abgeschlossen worden sind.<br \/>\nDie Praxis hat am 16.M\u00e4rz 2005 das Audit bestanden und nun vom bpt (bundesverband praktizierender tier\u00e4rzte e.v.) mit Wirkung vom 01. April 2005 das unten abgebildete Zertifikat erhalten.<\/p>\n<p align=\"center\"><img loading=\"lazy\" src=\"http:\/\/www.dfjuenemann.de\/tap\/images\/gvp_bpt_mittel.jpg\" alt=\"GVP-Logo\" width=\"150\" height=\"150\" \/><\/p>\n<p>Unsere GVP-Zertifizierung wurde am 19. Juni 2017 zum siebten Mal erfolgreich f\u00fcr weitere 2 Jahre durchgef\u00fchrt. Das Audit wurde von der SGS Germany GmbH &#8211; Meat &amp; Foot &#8211; Managementsystems vorgenommen.<\/p>\n<p>&nbsp;<\/p>\n<p>Mit der Berechtigung zur Abnahme der bundesweit einheitlichen Sachkundepr\u00fcfung f\u00fcr Hundehalter D.O.Q.-Test 2.0 vom 16.06.2013 \u00a0ist Dr. Dirk F. J\u00fcnemann f\u00fcr die Abnahme des praktischen Sachkundenachweises f\u00fcr Hundehalter zertifiziert.<\/p>\n<div>\n<div style=\"width: 260px\" class=\"wp-caption aligncenter\"><a title=\"TAG-H-DOQTest2_0_Zertifikat20130616\" href=\"http:\/\/www.dfjuenemann.de\/tap\/?attachment_id=994\" rel=\"attachment wp-att-994\"><img loading=\"lazy\" title=\"Zertifikat \u00fcber die Berechtigung zur Abnahme des D.O.Q.-Test 2.0 \" src=\"http:\/\/www.dfjuenemann.de\/tap\/wp-content\/uploads\/2013\/06\/TAG-H-DOQTest2_0_Zertifikat20130616.jpg\" alt=\"TAG-H-DOQTest2_0_Zertifikat20130616\" width=\"250\" height=\"350\" \/><\/a><p class=\"wp-caption-text\">Zertifikat \u00fcber die Berechtigung zur Abnahme des D.O.Q.-Test 2.0<\/p><\/div>\n<p>Auch der theoretische Sachkundenachweis kann mit dem D.O.Q.-Test 2.0 (theoretischer Teil) in der Praxis abgelegt werden.<\/p>\n<p>&nbsp;<\/p>\n<p>Auch zur Abnahme der theoretischen und der praktischen Sachkunde nach dem Nieders\u00e4chsischen Gesetz \u00fcber das Halten von Hunden ist Dr. Dirk F. J\u00fcnemann als Pr\u00fcfer anerkannt.<\/p>\n<div id=\"attachment_1124\" style=\"width: 228px\" class=\"wp-caption aligncenter\"><a title=\"Anerkennungsurkunde zum Sachkundepr\u00fcfer\" href=\"http:\/\/www.dfjuenemann.de\/tap\/wp-content\/uploads\/2013\/07\/Sachkundepr\u00fcferUrkundeLKEL_Scan-e1375099315763.jpg\"><img aria-describedby=\"caption-attachment-1124\" loading=\"lazy\" class=\"size-medium wp-image-1124\" src=\"http:\/\/www.dfjuenemann.de\/tap\/wp-content\/uploads\/2013\/07\/Sachkundepr\u00fcferUrkundeLKEL_Scan-e1375099315763-218x300.jpg\" alt=\"Anerkennungsurkunde zum Sachkundepr\u00fcfer\" width=\"218\" height=\"300\" srcset=\"http:\/\/www.dfjuenemann.de\/tap\/wp-content\/uploads\/2013\/07\/Sachkundepr\u00fcferUrkundeLKEL_Scan-e1375099315763-218x300.jpg 218w, http:\/\/www.dfjuenemann.de\/tap\/wp-content\/uploads\/2013\/07\/Sachkundepr\u00fcferUrkundeLKEL_Scan-e1375099315763-744x1024.jpg 744w\" sizes=\"(max-width: 218px) 100vw, 218px\" \/><\/a><p id=\"caption-attachment-1124\" class=\"wp-caption-text\">Anerkennungsurkunde zum Sachkundepr\u00fcfer<\/p><\/div>\n<p style=\"text-align: left;\">Somit k\u00f6nnen beide Sachkundepr\u00fcfungen in unserer Praxis abgelegt werden.<\/p>\n<\/div>\n","protected":false},"excerpt":{"rendered":"<p>Wir sind GVP-zertifiziert Wir freuen uns, allen Besuchern unserer Website mitteilen zu k\u00f6nnen, dass unsere Bem\u00fchungen, in unserer Praxis ein Qualit\u00e4tsmanagement nach dem GVP-Kodex einzuf\u00fchren, erfolgreich abgeschlossen worden sind. Die Praxis hat am 16.M\u00e4rz 2005 das Audit bestanden und nun<span class=\"ellipsis\">&hellip;<\/span><\/p>\n<div class=\"read-more\"><a href=\"http:\/\/www.dfjuenemann.de\/tap\/?page_id=9\">Weiterlesen \u203a<\/a><\/div>\n<p><!-- end of .read-more --><\/p>\n","protected":false},"author":1,"featured_media":0,"parent":2,"menu_order":3,"comment_status":"closed","ping_status":"closed","template":"","meta":[],"_links":{"self":[{"href":"http:\/\/www.dfjuenemann.de\/tap\/index.php?rest_route=\/wp\/v2\/pages\/9"}],"collection":[{"href":"http:\/\/www.dfjuenemann.de\/tap\/index.php?rest_route=\/wp\/v2\/pages"}],"about":[{"href":"http:\/\/www.dfjuenemann.de\/tap\/index.php?rest_route=\/wp\/v2\/types\/page"}],"author":[{"embeddable":true,"href":"http:\/\/www.dfjuenemann.de\/tap\/index.php?rest_route=\/wp\/v2\/users\/1"}],"replies":[{"embeddable":true,"href":"http:\/\/www.dfjuenemann.de\/tap\/index.php?rest_route=%2Fwp%2Fv2%2Fcomments&post=9"}],"version-history":[{"count":10,"href":"http:\/\/www.dfjuenemann.de\/tap\/index.php?rest_route=\/wp\/v2\/pages\/9\/revisions"}],"predecessor-version":[{"id":253,"href":"http:\/\/www.dfjuenemann.de\/tap\/index.php?rest_route=\/wp\/v2\/pages\/9\/revisions\/253"}],"up":[{"embeddable":true,"href":"http:\/\/www.dfjuenemann.de\/tap\/index.php?rest_route=\/wp\/v2\/pages\/2"}],"wp:attachment":[{"href":"http:\/\/www.dfjuenemann.de\/tap\/index.php?rest_route=%2Fwp%2Fv2%2Fmedia&parent=9"}],"curies":[{"name":"wp","href":"https:\/\/api.w.org\/{rel}","templated":true}]}}