{"id":891,"date":"2013-02-01T00:01:20","date_gmt":"2013-01-31T22:01:20","guid":{"rendered":"http:\/\/www.dfjuenemann.de\/tap\/?page_id=891"},"modified":"2013-02-01T00:08:13","modified_gmt":"2013-01-31T22:08:13","slug":"was-bedeutet-gvp","status":"publish","type":"page","link":"http:\/\/www.dfjuenemann.de\/tap\/?page_id=891","title":{"rendered":"Was bedeutet GVP &#8230;"},"content":{"rendered":"<p>Was bedeutet GVP f\u00fcr Sie als Kunde\/In einer GVP-zertifizierten Praxis?<\/p>\n<ol>\n<li>Stetige Weiterbildungen durch Besuch von Fortbildungsveranstaltungen, Seminaren, eLearning, Literatur-Recherche<\/li>\n<li>Gewissenhafte Dokumentation aller erhobenen Befunde<\/li>\n<li>Aush\u00e4ndigung der Untersuchungsergebnisse (z. B. Laborergebnisse)<\/li>\n<li>Individuelles Eingehen auf Tier und Tierhalter<\/li>\n<li>Regelm\u00e4\u00dfige\u00a0Auditierung der Praxis durch externe Auditoren, das hei\u00dft: \u00dcberpr\u00fcfung des\u00a0Einhaltens der internen Praxis-Regelungen f\u00fcr die Zertifizierung nach GVP<\/li>\n<li>\u00dcberwachung des Hygienemanagents der Praxis durch externes Labor<\/li>\n<li>Stetige\u00a0Suche nach Verbesserung der Praxisabl\u00e4ufe, wobei wir auch ein offenes Ohr\u00a0f\u00fcr W\u00fcnsche aus dem Kundenkreis haben<\/li>\n<li>Die\u00a0Praxis f\u00fcgt sich damit in bestehende Qualit\u00e4tssicherungsketten &#8211; wie z. B.\u00a0QS &#8211; ein<\/li>\n<\/ol>\n<p>&nbsp;<\/p>\n","protected":false},"excerpt":{"rendered":"<p>Was bedeutet GVP f\u00fcr Sie als Kunde\/In einer GVP-zertifizierten Praxis? Stetige Weiterbildungen durch Besuch von Fortbildungsveranstaltungen, Seminaren, eLearning, Literatur-Recherche Gewissenhafte Dokumentation aller erhobenen Befunde Aush\u00e4ndigung der Untersuchungsergebnisse (z. B. Laborergebnisse) Individuelles Eingehen auf Tier und Tierhalter Regelm\u00e4\u00dfige\u00a0Auditierung der Praxis durch<span class=\"ellipsis\">&hellip;<\/span><\/p>\n<div class=\"read-more\"><a href=\"http:\/\/www.dfjuenemann.de\/tap\/?page_id=891\">Weiterlesen \u203a<\/a><\/div>\n<p><!-- end of .read-more --><\/p>\n","protected":false},"author":2,"featured_media":0,"parent":9,"menu_order":1,"comment_status":"closed","ping_status":"closed","template":"","meta":[],"_links":{"self":[{"href":"http:\/\/www.dfjuenemann.de\/tap\/index.php?rest_route=\/wp\/v2\/pages\/891"}],"collection":[{"href":"http:\/\/www.dfjuenemann.de\/tap\/index.php?rest_route=\/wp\/v2\/pages"}],"about":[{"href":"http:\/\/www.dfjuenemann.de\/tap\/index.php?rest_route=\/wp\/v2\/types\/page"}],"author":[{"embeddable":true,"href":"http:\/\/www.dfjuenemann.de\/tap\/index.php?rest_route=\/wp\/v2\/users\/2"}],"replies":[{"embeddable":true,"href":"http:\/\/www.dfjuenemann.de\/tap\/index.php?rest_route=%2Fwp%2Fv2%2Fcomments&post=891"}],"version-history":[{"count":8,"href":"http:\/\/www.dfjuenemann.de\/tap\/index.php?rest_route=\/wp\/v2\/pages\/891\/revisions"}],"predecessor-version":[{"id":899,"href":"http:\/\/www.dfjuenemann.de\/tap\/index.php?rest_route=\/wp\/v2\/pages\/891\/revisions\/899"}],"up":[{"embeddable":true,"href":"http:\/\/www.dfjuenemann.de\/tap\/index.php?rest_route=\/wp\/v2\/pages\/9"}],"wp:attachment":[{"href":"http:\/\/www.dfjuenemann.de\/tap\/index.php?rest_route=%2Fwp%2Fv2%2Fmedia&parent=891"}],"curies":[{"name":"wp","href":"https:\/\/api.w.org\/{rel}","templated":true}]}}