{"id":683,"date":"2012-08-05T16:44:31","date_gmt":"2012-08-05T14:44:31","guid":{"rendered":"http:\/\/www.dfjuenemann.de\/tap\/?page_id=683"},"modified":"2014-12-21T13:30:48","modified_gmt":"2014-12-21T11:30:48","slug":"notfalle","status":"publish","type":"page","link":"http:\/\/www.dfjuenemann.de\/tap\/?page_id=683","title":{"rendered":"Notf\u00e4lle"},"content":{"rendered":"<p>F\u00fcr Notf\u00e4lle steht Ihnen das Praxisteam nach telefonischer Anmeldung unter der Rufnummer 05963-1300 zur Verf\u00fcgung, soweit die Praxis dienstbereit ist. Ist die Tier\u00e4rztliche Praxis Bawinkel nicht dienstbereit, erfahren Sie \u00fcber unseren Anrufbeantworter die Telefonnummer der Praxis, die die Vertretung \u00fcbernommen hat. (Siehe auch unter <a title=\"Vertretungsdienste\" href=\"http:\/\/www.dfjuenemann.de\/tap\/?page_id=480 \" target=\"_blank\">Vetretungsdienste<\/a>)<\/p>\n<p>Nat\u00fcrlich k\u00f6nnen Sie sich auch an das Tier\u00e4rztliche Zentrum Dr. Berger GmbH (ehemals Tierkinik) in Heede, \u00a0Am Markt 7, \u00a026892 Heede, Tel.: \u00a004963-91140, oder das Tiergesundheitszentrum Gru\u00dfendorf, Wiechmanns Eck 2, \u00a049565 Bramsche, Tel.: 05461-94100 &#8211; wenden.<\/p>\n","protected":false},"excerpt":{"rendered":"<p>F\u00fcr Notf\u00e4lle steht Ihnen das Praxisteam nach telefonischer Anmeldung unter der Rufnummer 05963-1300 zur Verf\u00fcgung, soweit die Praxis dienstbereit ist. Ist die Tier\u00e4rztliche Praxis Bawinkel nicht dienstbereit, erfahren Sie \u00fcber unseren Anrufbeantworter die Telefonnummer der Praxis, die die Vertretung \u00fcbernommen<span class=\"ellipsis\">&hellip;<\/span><\/p>\n<div class=\"read-more\"><a href=\"http:\/\/www.dfjuenemann.de\/tap\/?page_id=683\">Weiterlesen \u203a<\/a><\/div>\n<p><!-- end of .read-more --><\/p>\n","protected":false},"author":2,"featured_media":0,"parent":2,"menu_order":2,"comment_status":"closed","ping_status":"closed","template":"","meta":[],"_links":{"self":[{"href":"http:\/\/www.dfjuenemann.de\/tap\/index.php?rest_route=\/wp\/v2\/pages\/683"}],"collection":[{"href":"http:\/\/www.dfjuenemann.de\/tap\/index.php?rest_route=\/wp\/v2\/pages"}],"about":[{"href":"http:\/\/www.dfjuenemann.de\/tap\/index.php?rest_route=\/wp\/v2\/types\/page"}],"author":[{"embeddable":true,"href":"http:\/\/www.dfjuenemann.de\/tap\/index.php?rest_route=\/wp\/v2\/users\/2"}],"replies":[{"embeddable":true,"href":"http:\/\/www.dfjuenemann.de\/tap\/index.php?rest_route=%2Fwp%2Fv2%2Fcomments&post=683"}],"version-history":[{"count":12,"href":"http:\/\/www.dfjuenemann.de\/tap\/index.php?rest_route=\/wp\/v2\/pages\/683\/revisions"}],"predecessor-version":[{"id":1501,"href":"http:\/\/www.dfjuenemann.de\/tap\/index.php?rest_route=\/wp\/v2\/pages\/683\/revisions\/1501"}],"up":[{"embeddable":true,"href":"http:\/\/www.dfjuenemann.de\/tap\/index.php?rest_route=\/wp\/v2\/pages\/2"}],"wp:attachment":[{"href":"http:\/\/www.dfjuenemann.de\/tap\/index.php?rest_route=%2Fwp%2Fv2%2Fmedia&parent=683"}],"curies":[{"name":"wp","href":"https:\/\/api.w.org\/{rel}","templated":true}]}}