{"id":521,"date":"2012-05-22T12:22:42","date_gmt":"2012-05-22T10:22:42","guid":{"rendered":"http:\/\/www.dfjuenemann.de\/tap\/?page_id=521"},"modified":"2012-05-22T12:28:09","modified_gmt":"2012-05-22T10:28:09","slug":"gesunde-und-artgerechte-futterung","status":"publish","type":"page","link":"http:\/\/www.dfjuenemann.de\/tap\/?page_id=521","title":{"rendered":"Gesunde und artgerechte F\u00fctterung"},"content":{"rendered":"<p>Wer im Zoohandel ein junges Kaninchen erworben hat, sollte sich \u00fcber dessen Wohlergehen und Gesunderhaltung grundlegende Informationen einholen, wenn er lange Freude an seinem neuen Heimgenossen haben m\u00f6chte.<\/p>\n<p>Ganz im Vordergrund muss die <strong>gesunde und artgerechte F\u00fctterung<\/strong> stehen. Das Futter, das Kaninchen im Zoohandel erhalten, ist aber nicht die gesunde und artgerechte\u00a0 Ern\u00e4hrung f\u00fcr Kaninchen. Hier <strong>muss<\/strong> unbedingt eine Futterumstellung erfolgen. Das wichtigste Futter f\u00fcr die Zahngesundheit und die Verdauung unserer Kaninchen ist <strong>Gras\/Heu. <\/strong>Dies ist auch die Nahrung in der Natur. Und da beim Kaninchen <strong>alle Z\u00e4hne<\/strong> dauerhaft wachsen, ist Heu das wichtigste Futtermittel f\u00fcr den gleichm\u00e4\u00dfigen Zahnabrieb. Die Futterumstellung auf eine mehr oder weniger reine Heuf\u00fctterung sollte \u00fcber einen Zeitraum von 8 Wochen erfolgen, damit die Verdauung des Kaninchens sich<strong> langsam<\/strong> umstellen kann.<\/p>\n<p>W\u00f6chentlich sollten beim Kaninchen das Gewicht und die Schneidez\u00e4hne kontrolliert und dokumentiert werden. Zus\u00e4tzlich sollte auch die K\u00f6rperoberfl\u00e4che einmal pro Woche auf Ver\u00e4nderungen (Kopf\/Kiefer, Bauch, Analbereich) abgetastet bzw. angeschaut werden.<\/p>\n<p>Weitere Informationen erteilen wir gerne innerhalb der Sprechstunden<\/p>\n","protected":false},"excerpt":{"rendered":"<p>Wer im Zoohandel ein junges Kaninchen erworben hat, sollte sich \u00fcber dessen Wohlergehen und Gesunderhaltung grundlegende Informationen einholen, wenn er lange Freude an seinem neuen Heimgenossen haben m\u00f6chte. Ganz im Vordergrund muss die gesunde und artgerechte F\u00fctterung stehen. Das Futter,<span class=\"ellipsis\">&hellip;<\/span><\/p>\n<div class=\"read-more\"><a href=\"http:\/\/www.dfjuenemann.de\/tap\/?page_id=521\">Weiterlesen \u203a<\/a><\/div>\n<p><!-- end of .read-more --><\/p>\n","protected":false},"author":2,"featured_media":0,"parent":452,"menu_order":0,"comment_status":"closed","ping_status":"closed","template":"","meta":[],"_links":{"self":[{"href":"http:\/\/www.dfjuenemann.de\/tap\/index.php?rest_route=\/wp\/v2\/pages\/521"}],"collection":[{"href":"http:\/\/www.dfjuenemann.de\/tap\/index.php?rest_route=\/wp\/v2\/pages"}],"about":[{"href":"http:\/\/www.dfjuenemann.de\/tap\/index.php?rest_route=\/wp\/v2\/types\/page"}],"author":[{"embeddable":true,"href":"http:\/\/www.dfjuenemann.de\/tap\/index.php?rest_route=\/wp\/v2\/users\/2"}],"replies":[{"embeddable":true,"href":"http:\/\/www.dfjuenemann.de\/tap\/index.php?rest_route=%2Fwp%2Fv2%2Fcomments&post=521"}],"version-history":[{"count":4,"href":"http:\/\/www.dfjuenemann.de\/tap\/index.php?rest_route=\/wp\/v2\/pages\/521\/revisions"}],"predecessor-version":[{"id":526,"href":"http:\/\/www.dfjuenemann.de\/tap\/index.php?rest_route=\/wp\/v2\/pages\/521\/revisions\/526"}],"up":[{"embeddable":true,"href":"http:\/\/www.dfjuenemann.de\/tap\/index.php?rest_route=\/wp\/v2\/pages\/452"}],"wp:attachment":[{"href":"http:\/\/www.dfjuenemann.de\/tap\/index.php?rest_route=%2Fwp%2Fv2%2Fmedia&parent=521"}],"curies":[{"name":"wp","href":"https:\/\/api.w.org\/{rel}","templated":true}]}}