{"id":519,"date":"2012-05-22T12:19:58","date_gmt":"2012-05-22T10:19:58","guid":{"rendered":"http:\/\/www.dfjuenemann.de\/tap\/?page_id=519"},"modified":"2015-01-04T18:13:19","modified_gmt":"2015-01-04T16:13:19","slug":"kotverunreinigungen-und-fliegenmadenbefall","status":"publish","type":"page","link":"http:\/\/www.dfjuenemann.de\/tap\/?page_id=519","title":{"rendered":"Unsauberkeit bei Kaninchen: Folgen!"},"content":{"rendered":"<p>Immer wieder werden in den Sommermonaten Kaninchen in der Praxis vorgestellt, deren Anal- und Innenschenkel-Bereich mit Kot oder Caecotrophe verschmiert ist. Diese Kaninchen pflegen sich entweder nicht ausreichend oder die St\u00e4lle werden nicht trocken genug gehalten. Die Folge ist jedenfalls, dass Fliegen in diesem feuchtwarmen und n\u00e4hrstoffreichem Gebiet (Anal- und Innenschenkel-Bereich) ihre Eier ablegen, aus denen binnen weniger Stunden<strong> kleine Fliegenmaden<\/strong> schl\u00fcpfen.<\/p>\n<p>Diese Maden ern\u00e4hren sich aber nicht nur von dem dem Kaninchen anhaftenden Kot, sonder fressen auch die Haut des Kaninchens an oder kriechen gar in die K\u00f6rper\u00f6ffnungen und fressen dann das Kaninchen im wahrsten Sinne des Wortes von innen auf. Diesen Kaninchen ist dann sehr h\u00e4ufig nicht mehr zu helfen.<\/p>\n<p>Um diesen f\u00fcr die Kaninchen sehr schmerzhaften Zustand zu verhindern, ist auf penibelste Hygiene in den Kaninchenst\u00e4llen zu achten und kotverschmierte Kanichen t\u00e4glich zu reinigen. Au\u00dferdem sollte man sich Gedanken machen, Insekten den Zutritt zum Kaninchenstall durch Fliegenschutznetze zu verwehren.<\/p>\n<p>Sollte aber ein Kaninchen bereits von Maden befallen sein, so m\u00fcssen diese schnellst m\u00f6glich abgesammelt werden. Haben die Maden das Kaninchen bereits angefressen, ist der Besuch beim Tierarzt unausweichlich, da dieser dann entscheiden muss, ob eine Behandlung noch m\u00f6glich ist oder das Tier von seinen Qualen zu erl\u00f6sen ist.<\/p>\n","protected":false},"excerpt":{"rendered":"<p>Immer wieder werden in den Sommermonaten Kaninchen in der Praxis vorgestellt, deren Anal- und Innenschenkel-Bereich mit Kot oder Caecotrophe verschmiert ist. Diese Kaninchen pflegen sich entweder nicht ausreichend oder die St\u00e4lle werden nicht trocken genug gehalten. Die Folge ist jedenfalls,<span class=\"ellipsis\">&hellip;<\/span><\/p>\n<div class=\"read-more\"><a href=\"http:\/\/www.dfjuenemann.de\/tap\/?page_id=519\">Weiterlesen \u203a<\/a><\/div>\n<p><!-- end of .read-more --><\/p>\n","protected":false},"author":2,"featured_media":0,"parent":452,"menu_order":1,"comment_status":"closed","ping_status":"closed","template":"","meta":[],"_links":{"self":[{"href":"http:\/\/www.dfjuenemann.de\/tap\/index.php?rest_route=\/wp\/v2\/pages\/519"}],"collection":[{"href":"http:\/\/www.dfjuenemann.de\/tap\/index.php?rest_route=\/wp\/v2\/pages"}],"about":[{"href":"http:\/\/www.dfjuenemann.de\/tap\/index.php?rest_route=\/wp\/v2\/types\/page"}],"author":[{"embeddable":true,"href":"http:\/\/www.dfjuenemann.de\/tap\/index.php?rest_route=\/wp\/v2\/users\/2"}],"replies":[{"embeddable":true,"href":"http:\/\/www.dfjuenemann.de\/tap\/index.php?rest_route=%2Fwp%2Fv2%2Fcomments&post=519"}],"version-history":[{"count":5,"href":"http:\/\/www.dfjuenemann.de\/tap\/index.php?rest_route=\/wp\/v2\/pages\/519\/revisions"}],"predecessor-version":[{"id":1567,"href":"http:\/\/www.dfjuenemann.de\/tap\/index.php?rest_route=\/wp\/v2\/pages\/519\/revisions\/1567"}],"up":[{"embeddable":true,"href":"http:\/\/www.dfjuenemann.de\/tap\/index.php?rest_route=\/wp\/v2\/pages\/452"}],"wp:attachment":[{"href":"http:\/\/www.dfjuenemann.de\/tap\/index.php?rest_route=%2Fwp%2Fv2%2Fmedia&parent=519"}],"curies":[{"name":"wp","href":"https:\/\/api.w.org\/{rel}","templated":true}]}}