{"id":491,"date":"2012-05-12T00:17:30","date_gmt":"2012-05-11T22:17:30","guid":{"rendered":"http:\/\/www.dfjuenemann.de\/tap\/?page_id=491"},"modified":"2013-07-28T14:50:48","modified_gmt":"2013-07-28T12:50:48","slug":"anfahrt-2","status":"publish","type":"page","link":"http:\/\/www.dfjuenemann.de\/tap\/?page_id=491","title":{"rendered":"Anfahrt"},"content":{"rendered":"<p>Route planen mit:<\/p>\n<div style=\"text-align:center; float: left; width:50%\"><a title=\"Google Navigation zu M\u00fchlenstra\u00dfe 5, 49844 Bawinkel\" href=\"http:\/\/goo.gl\/maps\/mNmUE\" target=\"_blank\"><img loading=\"lazy\" src=\"http:\/\/www.dfjuenemann.de\/tap\/wp-content\/uploads\/2012\/05\/gMaps-150x150.jpg\" alt=\"gMaps\" width=\"150\" height=\"150\" class=\"alignnone size-medium wp-image-1109\" \/><br \/>Google Maps<\/a><\/div>\n<div style=\"text-align:center; float: right; width:50%\"><a title=\"Falk Routenplanung zu M\u00fchlenstra\u00dfe 5, 49844 Bawinkel\" href=\"http:\/\/www.falk.de\/stadtplan\/?u=TWC1PE\" target=\"_blank\"><img loading=\"lazy\" src=\"http:\/\/www.dfjuenemann.de\/tap\/wp-content\/uploads\/2012\/05\/Falk-150x150.jpg\" alt=\"Falk\" width=\"150\" height=\"150\" class=\"aligncenter size-thumbnail wp-image-1108\" \/><br \/>Falk Routenplaner<\/a><\/div>\n<p>Bawinkel liegt an der B 213 zwischen Lingen und Hasel\u00fcnne.<\/p>\n<p><strong>Von Lingen kommend<\/strong> muss die Ampelkreuzung \u00fcberquert werden. An der n\u00e4chsten Kreuzung rechts in die M\u00fchlenstra\u00dfe einbiegen, der M\u00fchlenstra\u00dfe durch die Linkskurve folgen und unmittelbar danach links auf den Parkplatz der Praxis fahren.<\/p>\n<p><strong>Von Hasel\u00fcnne kommend<\/strong> an der ersten Innerortskreuzung links einordnen, nach links in die M\u00fchlenstra\u00dfe einbiegen, weiter wie oben beschrieben.<\/p>\n<p><a href=\"#lp\">Zum Lageplan<\/a><br \/>\n<a href=\"#fwb\">Zur Fotowegbeschreibung<\/a><\/p>\n<p><a title=\"lp\" name=\"lp\"><\/a>Lageplan:<\/p>\n<table border=\"0\" bgcolor=\"#ffffff\">\n<tbody>\n<tr bgcolor=\"#ffffff\">\n<td><img loading=\"lazy\" alt=\"\" src=\"http:\/\/www.dfjuenemann.de\/tap\/images\/lageplan.jpg\" width=\"372\" height=\"369\" \/><\/td>\n<td valign=\"top\"><img loading=\"lazy\" alt=\"\" src=\"http:\/\/www.dfjuenemann.de\/tap\/images\/kompass.gif\" width=\"100\" height=\"100\" \/><\/td>\n<\/tr>\n<\/tbody>\n<\/table>\n<p><a href=\"#\">Nach oben<\/a><\/p>\n<p><a title=\"fwb\" name=\"fwb\"><\/a>Fotowegbeschreibung:<\/p>\n<p>Aus Richtung Hasel\u00fcnne kommend:<br \/>\n<img loading=\"lazy\" alt=\"\" src=\"http:\/\/www.dfjuenemann.de\/tap\/images\/wb11.gif\" width=\"455\" height=\"312\" \/><br \/>\nBitte hinter der Verkehrsinsel links einordnen<br \/>\nund in die M\u00fchlenstra\u00dfe einbiegen.<\/p>\n<p>Aus Richtung Lingen kommend:<br \/>\n<img loading=\"lazy\" alt=\"\" src=\"http:\/\/www.dfjuenemann.de\/tap\/images\/wb12.gif\" width=\"455\" height=\"331\" \/><\/p>\n<p>Bitte an der Ampel geradeaus Richtung Hasel\u00fcnne.<br \/>\n<img loading=\"lazy\" alt=\"\" src=\"http:\/\/www.dfjuenemann.de\/tap\/images\/wb13.gif\" width=\"455\" height=\"257\" \/><br \/>\nBitte gegen\u00fcber Hotel Kock und hinter dem Markant-Markt rechts in die M\u00fchlenstra\u00dfe einbiegen.<\/p>\n<p>M\u00fchlenstra\u00dfe folgen durch Linkskurve:<br \/>\n<img loading=\"lazy\" alt=\"\" src=\"http:\/\/www.dfjuenemann.de\/tap\/images\/wb14.gif\" width=\"455\" height=\"311\" \/><\/p>\n<p>Hinter der Linkskurve auf den Parkplatz fahren:<br \/>\n<img loading=\"lazy\" alt=\"\" src=\"http:\/\/www.dfjuenemann.de\/tap\/images\/wb14a.gif\" width=\"455\" height=\"301\" \/><\/p>\n<p>Aus Richtung Gersten\/Lengerich gegen\u00fcber TiBa Kraftfutterwerk nach links in die M\u00fchlenstra\u00dfe abbiegen und beim 3. Haus rechts auf den Parkplatz fahren<br \/>\n<img loading=\"lazy\" alt=\"\" src=\"http:\/\/www.dfjuenemann.de\/tap\/images\/wb15.gif\" width=\"455\" height=\"322\" \/><\/p>\n<p>Angekommen.<\/p>\n<p><a href=\"#\">Nach oben<\/a><\/p>\n","protected":false},"excerpt":{"rendered":"<p>Route planen mit: Google Maps Falk Routenplaner Bawinkel liegt an der B 213 zwischen Lingen und Hasel\u00fcnne. Von Lingen kommend muss die Ampelkreuzung \u00fcberquert werden. An der n\u00e4chsten Kreuzung rechts in die M\u00fchlenstra\u00dfe einbiegen, der M\u00fchlenstra\u00dfe durch die Linkskurve folgen<span class=\"ellipsis\">&hellip;<\/span><\/p>\n<div class=\"read-more\"><a href=\"http:\/\/www.dfjuenemann.de\/tap\/?page_id=491\">Weiterlesen \u203a<\/a><\/div>\n<p><!-- end of .read-more --><\/p>\n","protected":false},"author":2,"featured_media":0,"parent":0,"menu_order":4,"comment_status":"closed","ping_status":"closed","template":"","meta":[],"_links":{"self":[{"href":"http:\/\/www.dfjuenemann.de\/tap\/index.php?rest_route=\/wp\/v2\/pages\/491"}],"collection":[{"href":"http:\/\/www.dfjuenemann.de\/tap\/index.php?rest_route=\/wp\/v2\/pages"}],"about":[{"href":"http:\/\/www.dfjuenemann.de\/tap\/index.php?rest_route=\/wp\/v2\/types\/page"}],"author":[{"embeddable":true,"href":"http:\/\/www.dfjuenemann.de\/tap\/index.php?rest_route=\/wp\/v2\/users\/2"}],"replies":[{"embeddable":true,"href":"http:\/\/www.dfjuenemann.de\/tap\/index.php?rest_route=%2Fwp%2Fv2%2Fcomments&post=491"}],"version-history":[{"count":26,"href":"http:\/\/www.dfjuenemann.de\/tap\/index.php?rest_route=\/wp\/v2\/pages\/491\/revisions"}],"predecessor-version":[{"id":1121,"href":"http:\/\/www.dfjuenemann.de\/tap\/index.php?rest_route=\/wp\/v2\/pages\/491\/revisions\/1121"}],"wp:attachment":[{"href":"http:\/\/www.dfjuenemann.de\/tap\/index.php?rest_route=%2Fwp%2Fv2%2Fmedia&parent=491"}],"curies":[{"name":"wp","href":"https:\/\/api.w.org\/{rel}","templated":true}]}}