{"id":480,"date":"2012-05-07T23:50:21","date_gmt":"2012-05-07T21:50:21","guid":{"rendered":"http:\/\/www.dfjuenemann.de\/tap\/?page_id=480"},"modified":"2015-01-03T10:30:12","modified_gmt":"2015-01-03T08:30:12","slug":"vertretungsdienste","status":"publish","type":"page","link":"http:\/\/www.dfjuenemann.de\/tap\/?page_id=480","title":{"rendered":"Vertretungsdienste"},"content":{"rendered":"<p>An Wochenenden, Feiertagen oder w\u00e4hrend des Urlaubs werden die Dienste zwischen den Tier\u00e4rztlichen Praxen in Langen und Bawinkel turnusm\u00e4\u00dfig geregelt. Eine der Praxen ist dienstbereit. Dies wird \u00fcber den Anrufbeantworter der jeweils geschlossenen Praxis mitgeteilt. Auf diese Weise ist sichergestellt, dass sie immer einen Tierarzt bzw. eine Tier\u00e4rztin erreichen k\u00f6nnen.<\/p>\n<p>W\u00e4hrend der Wochenend- und Feiertagsdienste gilt der doppelte Geb\u00fchrensatz nach GOT\u00c4. Der Wochenenddienst beginnt am Samstag um 12:00 Uhr und endet am Montag 08:00 Uhr.<\/p>\n<p><span style=\"text-decoration: underline;\"><strong>Hier die Anschrift der Vertretungspraxis:<\/strong><\/span><\/p>\n<p><strong><em>*Tierarztpraxis K\u00e4hler<\/em><\/strong>, Hinrich und Ingrid K\u00e4hler,<br \/>\nEspeler Str. 21, 49832 Langen, Tel.: 05904-444<\/p>\n","protected":false},"excerpt":{"rendered":"<p>An Wochenenden, Feiertagen oder w\u00e4hrend des Urlaubs werden die Dienste zwischen den Tier\u00e4rztlichen Praxen in Langen und Bawinkel turnusm\u00e4\u00dfig geregelt. Eine der Praxen ist dienstbereit. Dies wird \u00fcber den Anrufbeantworter der jeweils geschlossenen Praxis mitgeteilt. Auf diese Weise ist sichergestellt,<span class=\"ellipsis\">&hellip;<\/span><\/p>\n<div class=\"read-more\"><a href=\"http:\/\/www.dfjuenemann.de\/tap\/?page_id=480\">Weiterlesen \u203a<\/a><\/div>\n<p><!-- end of .read-more --><\/p>\n","protected":false},"author":2,"featured_media":0,"parent":2,"menu_order":2,"comment_status":"closed","ping_status":"closed","template":"","meta":[],"_links":{"self":[{"href":"http:\/\/www.dfjuenemann.de\/tap\/index.php?rest_route=\/wp\/v2\/pages\/480"}],"collection":[{"href":"http:\/\/www.dfjuenemann.de\/tap\/index.php?rest_route=\/wp\/v2\/pages"}],"about":[{"href":"http:\/\/www.dfjuenemann.de\/tap\/index.php?rest_route=\/wp\/v2\/types\/page"}],"author":[{"embeddable":true,"href":"http:\/\/www.dfjuenemann.de\/tap\/index.php?rest_route=\/wp\/v2\/users\/2"}],"replies":[{"embeddable":true,"href":"http:\/\/www.dfjuenemann.de\/tap\/index.php?rest_route=%2Fwp%2Fv2%2Fcomments&post=480"}],"version-history":[{"count":12,"href":"http:\/\/www.dfjuenemann.de\/tap\/index.php?rest_route=\/wp\/v2\/pages\/480\/revisions"}],"predecessor-version":[{"id":1533,"href":"http:\/\/www.dfjuenemann.de\/tap\/index.php?rest_route=\/wp\/v2\/pages\/480\/revisions\/1533"}],"up":[{"embeddable":true,"href":"http:\/\/www.dfjuenemann.de\/tap\/index.php?rest_route=\/wp\/v2\/pages\/2"}],"wp:attachment":[{"href":"http:\/\/www.dfjuenemann.de\/tap\/index.php?rest_route=%2Fwp%2Fv2%2Fmedia&parent=480"}],"curies":[{"name":"wp","href":"https:\/\/api.w.org\/{rel}","templated":true}]}}