{"id":411,"date":"2012-04-13T17:44:43","date_gmt":"2012-04-13T15:44:43","guid":{"rendered":"http:\/\/www.dfjuenemann.de\/tap\/?page_id=411"},"modified":"2012-04-13T19:55:29","modified_gmt":"2012-04-13T17:55:29","slug":"katzenterminsprechstunde","status":"publish","type":"page","link":"http:\/\/www.dfjuenemann.de\/tap\/?page_id=411","title":{"rendered":"Katzensprechstunde"},"content":{"rendered":"<p>Immer<strong> freitags 16:45 &#8211; 17:00 Uhr Terminsprechstunde<\/strong> f\u00fcr <strong>Katzen<\/strong><\/p>\n<p>Hierdurch wollen wir vermeiden, dass unsere Samtpfoten im Wartezimmer Stress mit Hunden haben.<\/p>\n<p>Die <strong>Katzenterminsprechstunde<\/strong> findet immer freitags von 16:45 Uhr bis 17:30 Uhr und somit nach der offenen Freitagssprechstunde statt. Da es sich um eine Terminsprechstunde handelt, erbitten wir unbedingt ihre telefonische Voranmeldung. So k\u00f6nnen wir den Sprechstundenablauf besser koordinieren.<\/p>\n<p>Nat\u00fcrlich k\u00f6nnen Sie mit ihrer Katze auch weiterhin einen Termin au\u00dferhalb der Sprechzeiten vereinbaren. Das Angebot der Terminsprechstunde bleibt erhalten.<\/p>\n<p style=\"text-align: justify;\"><strong>Noch ein Tipp f\u00fcr den Katzentransport<\/strong>: Nutzen Sie nach M\u00f6glichkeit <em><strong>keinen aus geflochtenen Weiden bestehenden Transportkorb<\/strong><\/em>, sondern eine Kunststoffbox mit abnehmbaren Deckel. So k\u00f6nnen Sie ihrer Katze viel Stress ersparen, wenn sie beim Tierarzt den Korb nicht freiwillig verlassen mag und deswegen herausgeholt werden muss!<\/p>\n","protected":false},"excerpt":{"rendered":"<p>Immer freitags 16:45 &#8211; 17:00 Uhr Terminsprechstunde f\u00fcr Katzen Hierdurch wollen wir vermeiden, dass unsere Samtpfoten im Wartezimmer Stress mit Hunden haben. Die Katzenterminsprechstunde findet immer freitags von 16:45 Uhr bis 17:30 Uhr und somit nach der offenen Freitagssprechstunde statt.<span class=\"ellipsis\">&hellip;<\/span><\/p>\n<div class=\"read-more\"><a href=\"http:\/\/www.dfjuenemann.de\/tap\/?page_id=411\">Weiterlesen \u203a<\/a><\/div>\n<p><!-- end of .read-more --><\/p>\n","protected":false},"author":2,"featured_media":0,"parent":4,"menu_order":1,"comment_status":"closed","ping_status":"closed","template":"","meta":[],"_links":{"self":[{"href":"http:\/\/www.dfjuenemann.de\/tap\/index.php?rest_route=\/wp\/v2\/pages\/411"}],"collection":[{"href":"http:\/\/www.dfjuenemann.de\/tap\/index.php?rest_route=\/wp\/v2\/pages"}],"about":[{"href":"http:\/\/www.dfjuenemann.de\/tap\/index.php?rest_route=\/wp\/v2\/types\/page"}],"author":[{"embeddable":true,"href":"http:\/\/www.dfjuenemann.de\/tap\/index.php?rest_route=\/wp\/v2\/users\/2"}],"replies":[{"embeddable":true,"href":"http:\/\/www.dfjuenemann.de\/tap\/index.php?rest_route=%2Fwp%2Fv2%2Fcomments&post=411"}],"version-history":[{"count":11,"href":"http:\/\/www.dfjuenemann.de\/tap\/index.php?rest_route=\/wp\/v2\/pages\/411\/revisions"}],"predecessor-version":[{"id":417,"href":"http:\/\/www.dfjuenemann.de\/tap\/index.php?rest_route=\/wp\/v2\/pages\/411\/revisions\/417"}],"up":[{"embeddable":true,"href":"http:\/\/www.dfjuenemann.de\/tap\/index.php?rest_route=\/wp\/v2\/pages\/4"}],"wp:attachment":[{"href":"http:\/\/www.dfjuenemann.de\/tap\/index.php?rest_route=%2Fwp%2Fv2%2Fmedia&parent=411"}],"curies":[{"name":"wp","href":"https:\/\/api.w.org\/{rel}","templated":true}]}}