{"id":4,"date":"2007-06-03T15:37:18","date_gmt":"2007-06-03T13:37:18","guid":{"rendered":"http:\/\/www.dfjuenemann.de\/tap\/?page_id=4"},"modified":"2013-07-30T09:18:09","modified_gmt":"2013-07-30T07:18:09","slug":"offnungszeiten","status":"publish","type":"page","link":"http:\/\/www.dfjuenemann.de\/tap\/?page_id=4","title":{"rendered":"\u00d6ffnungszeiten"},"content":{"rendered":"<p>Notf\u00e4lle nach telefonischer Vereinbarung! Notfalltelefon: (05963) 1300<\/p>\n<p><strong>T\u00e4gl. Kleintiersprechstunden nach telefonischer Vereinbarung von Montag bis Samstagvormittag<br \/>\n<\/strong>:<br \/>\n<strong>Offene Sprechstunden<\/strong>:<\/p>\n<blockquote><p><strong>Dienstags<\/strong>: 15.00 \u2013 16.30 Uhr<br \/>\n<strong>Dienstags<\/strong>: 20.00 \u2013 21.00 Uhr<br \/>\n<strong>Freitags<\/strong>: 15.00 \u2013 16.30 Uhr<\/p><\/blockquote>\n<p><em>Montags, mittwochs, donnerstags und Samstagvormittag Terminsprechstunde. <strong>Katzen<\/strong>terminsprechstunde freitags 16.45 &#8211; 17.30 Uhr, nur nach telefonischer Voranmeldung!<\/em><br \/>\nW\u00e4hrend der offenen Sprechstunden werden keine Termine vergeben.<\/p>\n<p>Bitte vereinbaren Sie aus organisatorischen Gr\u00fcnden im Laufe des Vormittags telefonisch einen Termin mit uns.<br \/>\nPraxis f\u00fcr Gro\u00dftiere t\u00e4glich nach telefonischer Anmeldung<\/p>\n<p><strong>Operationen<\/strong>:<\/p>\n<blockquote><p><strong>Montag<\/strong> und <strong>Donnerstag<\/strong>: 15.00 Uhr (ggf. k\u00f6nnen andere Zeiten vereinbart werden)<\/p><\/blockquote>\n<blockquote><p><strong>Physiotherapie (Krankengymnastik f\u00fcr Tiere)\u00a0und Ern\u00e4hrungsberatung nur nach Terminabsprache<\/strong><\/p>\n<blockquote><p><strong>\u00d6ffnungszeiten der tier\u00e4rztlichen Hausapotheke<\/strong>:<\/p><\/blockquote>\n<blockquote><p><strong>Vormittags Montag bis Samstag<\/strong><br \/>\n08.00 \u2013 11.00 Uhr<\/p>\n<p><strong>Nachmittags Montag bis Freitag<\/strong><br \/>\n17.00 \u2013 19.00 Uhr<\/p><\/blockquote>\n<\/blockquote>\n","protected":false},"excerpt":{"rendered":"<p>Notf\u00e4lle nach telefonischer Vereinbarung! Notfalltelefon: (05963) 1300 T\u00e4gl. Kleintiersprechstunden nach telefonischer Vereinbarung von Montag bis Samstagvormittag : Offene Sprechstunden: Dienstags: 15.00 \u2013 16.30 Uhr Dienstags: 20.00 \u2013 21.00 Uhr Freitags: 15.00 \u2013 16.30 Uhr Montags, mittwochs, donnerstags und Samstagvormittag Terminsprechstunde.<span class=\"ellipsis\">&hellip;<\/span><\/p>\n<div class=\"read-more\"><a href=\"http:\/\/www.dfjuenemann.de\/tap\/?page_id=4\">Weiterlesen \u203a<\/a><\/div>\n<p><!-- end of .read-more --><\/p>\n","protected":false},"author":1,"featured_media":0,"parent":2,"menu_order":0,"comment_status":"closed","ping_status":"closed","template":"","meta":[],"_links":{"self":[{"href":"http:\/\/www.dfjuenemann.de\/tap\/index.php?rest_route=\/wp\/v2\/pages\/4"}],"collection":[{"href":"http:\/\/www.dfjuenemann.de\/tap\/index.php?rest_route=\/wp\/v2\/pages"}],"about":[{"href":"http:\/\/www.dfjuenemann.de\/tap\/index.php?rest_route=\/wp\/v2\/types\/page"}],"author":[{"embeddable":true,"href":"http:\/\/www.dfjuenemann.de\/tap\/index.php?rest_route=\/wp\/v2\/users\/1"}],"replies":[{"embeddable":true,"href":"http:\/\/www.dfjuenemann.de\/tap\/index.php?rest_route=%2Fwp%2Fv2%2Fcomments&post=4"}],"version-history":[{"count":5,"href":"http:\/\/www.dfjuenemann.de\/tap\/index.php?rest_route=\/wp\/v2\/pages\/4\/revisions"}],"predecessor-version":[{"id":1126,"href":"http:\/\/www.dfjuenemann.de\/tap\/index.php?rest_route=\/wp\/v2\/pages\/4\/revisions\/1126"}],"up":[{"embeddable":true,"href":"http:\/\/www.dfjuenemann.de\/tap\/index.php?rest_route=\/wp\/v2\/pages\/2"}],"wp:attachment":[{"href":"http:\/\/www.dfjuenemann.de\/tap\/index.php?rest_route=%2Fwp%2Fv2%2Fmedia&parent=4"}],"curies":[{"name":"wp","href":"https:\/\/api.w.org\/{rel}","templated":true}]}}