{"id":396,"date":"2012-04-13T17:26:16","date_gmt":"2012-04-13T15:26:16","guid":{"rendered":"http:\/\/www.dfjuenemann.de\/tap\/?page_id=396"},"modified":"2012-04-13T17:30:57","modified_gmt":"2012-04-13T15:30:57","slug":"welpen-erstvorstellung","status":"publish","type":"page","link":"http:\/\/www.dfjuenemann.de\/tap\/?page_id=396","title":{"rendered":"Welpen &#8211; Erstvorstellung"},"content":{"rendered":"<p>Liebe Kunden,<\/p>\n<p>wenn Sie Ihren Welpen f\u00fcr eine Erstuntersuchung und Impfung vorstellen m\u00f6chten, machen Sie doch bitte einen <strong>Termin<\/strong> mit uns aus. Da die ausf\u00fchrliche Untersuchung und Beratung Zeit ben\u00f6tigen, k\u00f6nnen wir dies besser au\u00dferhalb der offenen Sprechstunden machen. So haben die anderen Kunden weniger Wartezeit und Sie haben mehr Zeit, um Ihre Fragen zu stellen, die wir dann in aller Ruhe beantworten k\u00f6nnen.<\/p>\n","protected":false},"excerpt":{"rendered":"<p>Liebe Kunden, wenn Sie Ihren Welpen f\u00fcr eine Erstuntersuchung und Impfung vorstellen m\u00f6chten, machen Sie doch bitte einen Termin mit uns aus. Da die ausf\u00fchrliche Untersuchung und Beratung Zeit ben\u00f6tigen, k\u00f6nnen wir dies besser au\u00dferhalb der offenen Sprechstunden machen. So<span class=\"ellipsis\">&hellip;<\/span><\/p>\n<div class=\"read-more\"><a href=\"http:\/\/www.dfjuenemann.de\/tap\/?page_id=396\">Weiterlesen \u203a<\/a><\/div>\n<p><!-- end of .read-more --><\/p>\n","protected":false},"author":2,"featured_media":0,"parent":342,"menu_order":2,"comment_status":"closed","ping_status":"closed","template":"","meta":[],"_links":{"self":[{"href":"http:\/\/www.dfjuenemann.de\/tap\/index.php?rest_route=\/wp\/v2\/pages\/396"}],"collection":[{"href":"http:\/\/www.dfjuenemann.de\/tap\/index.php?rest_route=\/wp\/v2\/pages"}],"about":[{"href":"http:\/\/www.dfjuenemann.de\/tap\/index.php?rest_route=\/wp\/v2\/types\/page"}],"author":[{"embeddable":true,"href":"http:\/\/www.dfjuenemann.de\/tap\/index.php?rest_route=\/wp\/v2\/users\/2"}],"replies":[{"embeddable":true,"href":"http:\/\/www.dfjuenemann.de\/tap\/index.php?rest_route=%2Fwp%2Fv2%2Fcomments&post=396"}],"version-history":[{"count":8,"href":"http:\/\/www.dfjuenemann.de\/tap\/index.php?rest_route=\/wp\/v2\/pages\/396\/revisions"}],"predecessor-version":[{"id":403,"href":"http:\/\/www.dfjuenemann.de\/tap\/index.php?rest_route=\/wp\/v2\/pages\/396\/revisions\/403"}],"up":[{"embeddable":true,"href":"http:\/\/www.dfjuenemann.de\/tap\/index.php?rest_route=\/wp\/v2\/pages\/342"}],"wp:attachment":[{"href":"http:\/\/www.dfjuenemann.de\/tap\/index.php?rest_route=%2Fwp%2Fv2%2Fmedia&parent=396"}],"curies":[{"name":"wp","href":"https:\/\/api.w.org\/{rel}","templated":true}]}}