{"id":365,"date":"2012-03-29T19:56:41","date_gmt":"2012-03-29T17:56:41","guid":{"rendered":"http:\/\/www.dfjuenemann.de\/tap\/?page_id=365"},"modified":"2015-01-04T18:05:52","modified_gmt":"2015-01-04T16:05:52","slug":"zuchterberatung-wissenswertes-zu-trachtigkeit-und-geburt-bei-der-hundin","status":"publish","type":"page","link":"http:\/\/www.dfjuenemann.de\/tap\/?page_id=365","title":{"rendered":"Hundez\u00fcchterberatung"},"content":{"rendered":"<p><strong>Wissenswertes zu Tr\u00e4chtigkeit und Geburt bei der H\u00fcndin<\/strong><\/p>\n<p>Wenn Sie als Hobbyz\u00fcchter ihre H\u00fcndin belegen lassen m\u00f6chten, setzen Sie sich bitte schon im Vorfeld mit uns in Verbindung. Wir beraten\u00a0sie rund um das Belegen der H\u00fcndin, w\u00e4hrend der Tr\u00e4chigkeit incl. Tr\u00e4chtigkeitsuntersuchung per Ultraschall. Es gibt Tipps\u00a0rund um die normale Geburt, aber nat\u00fcrlich bieten wir ihnen auch geburtshilfliche Ma\u00dfnahmen incl. notwendigem Kaiserschnitt an. Nach der Geburt betreuen wir ihre H\u00fcndin und die Welpen incl. der erforderlichen Entwurmung, Impfung und\u00a0Kennzeichnung.<\/p>\n<p>Sie erhalten nach der Beratung auch schriftliche Unterlagen.<\/p>\n<p>&nbsp;<\/p>\n<p>&nbsp;<\/p>\n","protected":false},"excerpt":{"rendered":"<p>Wissenswertes zu Tr\u00e4chtigkeit und Geburt bei der H\u00fcndin Wenn Sie als Hobbyz\u00fcchter ihre H\u00fcndin belegen lassen m\u00f6chten, setzen Sie sich bitte schon im Vorfeld mit uns in Verbindung. Wir beraten\u00a0sie rund um das Belegen der H\u00fcndin, w\u00e4hrend der Tr\u00e4chigkeit incl.<span class=\"ellipsis\">&hellip;<\/span><\/p>\n<div class=\"read-more\"><a href=\"http:\/\/www.dfjuenemann.de\/tap\/?page_id=365\">Weiterlesen \u203a<\/a><\/div>\n<p><!-- end of .read-more --><\/p>\n","protected":false},"author":2,"featured_media":0,"parent":342,"menu_order":3,"comment_status":"closed","ping_status":"closed","template":"","meta":[],"_links":{"self":[{"href":"http:\/\/www.dfjuenemann.de\/tap\/index.php?rest_route=\/wp\/v2\/pages\/365"}],"collection":[{"href":"http:\/\/www.dfjuenemann.de\/tap\/index.php?rest_route=\/wp\/v2\/pages"}],"about":[{"href":"http:\/\/www.dfjuenemann.de\/tap\/index.php?rest_route=\/wp\/v2\/types\/page"}],"author":[{"embeddable":true,"href":"http:\/\/www.dfjuenemann.de\/tap\/index.php?rest_route=\/wp\/v2\/users\/2"}],"replies":[{"embeddable":true,"href":"http:\/\/www.dfjuenemann.de\/tap\/index.php?rest_route=%2Fwp%2Fv2%2Fcomments&post=365"}],"version-history":[{"count":12,"href":"http:\/\/www.dfjuenemann.de\/tap\/index.php?rest_route=\/wp\/v2\/pages\/365\/revisions"}],"predecessor-version":[{"id":1564,"href":"http:\/\/www.dfjuenemann.de\/tap\/index.php?rest_route=\/wp\/v2\/pages\/365\/revisions\/1564"}],"up":[{"embeddable":true,"href":"http:\/\/www.dfjuenemann.de\/tap\/index.php?rest_route=\/wp\/v2\/pages\/342"}],"wp:attachment":[{"href":"http:\/\/www.dfjuenemann.de\/tap\/index.php?rest_route=%2Fwp%2Fv2%2Fmedia&parent=365"}],"curies":[{"name":"wp","href":"https:\/\/api.w.org\/{rel}","templated":true}]}}