{"id":338,"date":"2012-03-25T11:56:37","date_gmt":"2012-03-25T09:56:37","guid":{"rendered":"http:\/\/www.dfjuenemann.de\/tap\/?page_id=338"},"modified":"2015-01-04T17:59:53","modified_gmt":"2015-01-04T15:59:53","slug":"achtung-zecken-empfehlungen-aus-der-praxis","status":"publish","type":"page","link":"http:\/\/www.dfjuenemann.de\/tap\/?page_id=338","title":{"rendered":"Achtung Zeckengefahr!"},"content":{"rendered":"<p>Viele Tierfreunde haben bei diesem sch\u00f6nen Wetter bereits die erste Zecke im Fell ihres Hundes oder ihrer Katze entdeckt.<\/p>\n<p>Sobald die Au\u00dfentemperaturen dauerhaft \u00fcber 7\u00b0C steigen, erwachen die Zecken aus ihrem Winterschlaf. Fortan brauchen<br \/>\nsie wieder Nahrung, um sich zu ern\u00e4hren und sich zu vermehren. Denn nur ein Zeckenweibchen mit einem Blut gef\u00fcllten Hinterleib, kann die vielen Eier, die es in sich tr\u00e4gt, mit ausreichend N\u00e4hrstoffen versorgen. Um an das Blut ihrer Opfer zu kommen, klettern die Zecken auf Grashalme oder im Buschwerk auf \u00c4ste bis zu einer H\u00f6he von etwa 1 m. Hier warten sie geduldig auf ihr Opfer.<\/p>\n<p>Die Zecke kann den \u201eBlutspender\u201c mit 2 Sensoren wahrnehmen. Sie verf\u00fcgt \u00fcber ein Riechorgan und einen W\u00e4rmef\u00fchler. Das Riechorgan kann besonders gut die Butters\u00e4ure-Ausd\u00fcnstungen der Warmbl\u00fcter erkennen. Zus\u00e4tzlich registriert der W\u00e4rmesensor die in der Regel deutlich \u00fcber der Umgebungstemperatur liegende K\u00f6rper-temperatur des Opfers. Im Vorbeistreichen l\u00e4sst die Zecke ihre Unterlage los und h\u00e4lt sich an den Haaren ihres Opfers. Im Fell bewegt sie sich bis auf die Haut und bei\u00dft sich dort mit ihren Mundwerkzeugen fest. Damit das Opfer dies m\u00f6glichst nicht bemerkt, ist dem Zecken-speichel eine Substanz beigemischt, durch die die Bissstelle bet\u00e4ubt wird. Nun saugt die Zecke zum ersten Mal Blut. Bis hierher ist es nur ein Zeckenbiss. Solange die Zecke keine Krankheitserreger in sich tr\u00e4gt, ist das kein gro\u00dfes Problem, \u00e4hnlich wie der Stich einer M\u00fccke.<\/p>\n<p>Gef\u00e4hrlich wird der Zeckenbiss aber, wenn die Zecke Krankheitserreger in sich tr\u00e4gt. Hier sind in Deutschland an erster Stelle die Borrelien zu nennen. Aber in S\u00fcd- und Ostdeutschland ist auch die Fr\u00fchsommer-Meningitis weit verbreitet. Weitere Erkrankungen wurden und werden aus den Mittelmeerl\u00e4ndern \u00fcber dort heimische\u00a0Zecken nach Deutschland und Mitteleuropa eingeschleppt. Diese urspr\u00fcnglich bei uns nicht heimischen Zeckenarten fassen auf Grund der\u00a0 verr\u00e4nderten klimatischen Verh\u00e4ltnisse hier auch immer mehr Fu\u00df. Deswegen m\u00fcssen wir in Zukunft auch vermehrt mit bei uns bislang nur selten von Zecken \u00fcbertra-genen Erkrankungen rechnen.<\/p>\n<p>Daher ist es wichtig, bei Hund und Katze eine fr\u00fchzeitige Zeckenprophylaxe zu betreiben. Diese ist bei Hund und Katze m\u00f6glich mit Spot-on-Verfahren\u00a0 oder Halsb\u00e4ndern.<\/p>\n<p>W\u00e4hrend die Spot-on-Anwendung\u00a0\u00a0 alle 4 Wochen erfolgen muss, halten entsprechende Halsb\u00e4nder je nach Produkt ca. 6-8 Monate. Hier sollte sich jeder vom Tierarzt seines Vertrauens beraten lassen, um die f\u00fcr sein Tier und die Umgebung bestm\u00f6gliche Applikationsart und den sichersten\u00a0 Wirkstoff\u00a0anzuwenden.<\/p>\n<p>Beim Hund gibt es zus\u00e4tzlich zur Zecken-prophylaxe auch noch die M\u00f6glichkeit\u00a0der Schutzimpfung gegen Borreliose. Wer seinen Hund zum 1. Mal dagegen impfen lassen m\u00f6chte, muss zur Grundimmunisierung 2 Impfungen im Abstand von 4 Wochen vornehmen lassen. Dies sollte bereits im Februar, sp\u00e4testens im M\u00e4rz geschehen. Im j\u00e4hrlichen Abstand\u00a0muss die Borreliose-Impfung dann aufgefrischt werden. Dies ist durchaus empfehlenswert, da Hunde \u00e4hnlich empfindlich f\u00fcr Borreliose-Infektionen sind wie Menschen. Wie beim Menschen sind es auch bei den Hunden h\u00e4ufig die gro\u00dfen Gelenke, die nach dem Ausbruch der Erkrankung stark entz\u00fcndet sind. Borreliose-Behandlungen sind schwierig und langwierig. Daher ist es trotz aller Schutzma\u00df-nahmen, die wir durch Antizeckenmittel und Impfungen f\u00fcr unsere Vierbeiner treffen k\u00f6nnen, wichtig, sie nach jedem Spaziergang auf \u00a0Zecken zu untersuchen und gefundene Zecken sofort zu entfernen. Auch hierf\u00fcr wird Ihnen ihr Tierarzt eine Auswahl an Instrumentarien anbieten k\u00f6nnen.<\/p>\n<p>Wird die Zecke innerhalb 24 Std. entfernt, kann sie keine Borreliose-Infektion ausl\u00f6sen, da die Borrelien in der infizierten Zecke erst aktiviert werden m\u00fcssen, bevor sie die Zecke beim Biss auf ihr Opfer \u00fcbertragen kann.<\/p>\n<p>Dies gilt nicht f\u00fcr andere Erkrankungen, die durch Zecken\u00a0\u00fcbertragen werden k\u00f6nnen. Das Beste ist es daher, wenn man die Zecken absammelt, solange sie noch im Fell krabbeln. Oder durch repellierende (abweisende) Medikamente die Zecke m\u00f6glichst davon abh\u00e4lt, ihr Opfer zu befallen. Das aus diesem Grunde auch immer wieder im Gespr\u00e4ch befindliche Knoblauch ist nicht zu empfehlen, da Knoblauch in der Konzentration, die eine Zecke als unangenehm empfindet und ihr potenzielles Opfer daher meidet, f\u00fcr den Hund bereits giftig ist. Geringere Konzentrationen haben aber keine repellierende Wirkung.<\/p>\n<p>Soviel zum\u00a0Thema Zecken.<\/p>\n<p>Wenn Sie Fragen von allgemeinem Interesse haben, k\u00f6nnen Sie mir diese nat\u00fcrlich auch per eMail zukommen lassen. Ich werde dann versuchen, in einem der folgenden Beitr\u00e4ge darauf einzugehen.<\/p>\n","protected":false},"excerpt":{"rendered":"<p>Viele Tierfreunde haben bei diesem sch\u00f6nen Wetter bereits die erste Zecke im Fell ihres Hundes oder ihrer Katze entdeckt. Sobald die Au\u00dfentemperaturen dauerhaft \u00fcber 7\u00b0C steigen, erwachen die Zecken aus ihrem Winterschlaf. Fortan brauchen sie wieder Nahrung, um sich zu<span class=\"ellipsis\">&hellip;<\/span><\/p>\n<div class=\"read-more\"><a href=\"http:\/\/www.dfjuenemann.de\/tap\/?page_id=338\">Weiterlesen \u203a<\/a><\/div>\n<p><!-- end of .read-more --><\/p>\n","protected":false},"author":2,"featured_media":0,"parent":342,"menu_order":0,"comment_status":"closed","ping_status":"closed","template":"","meta":[],"_links":{"self":[{"href":"http:\/\/www.dfjuenemann.de\/tap\/index.php?rest_route=\/wp\/v2\/pages\/338"}],"collection":[{"href":"http:\/\/www.dfjuenemann.de\/tap\/index.php?rest_route=\/wp\/v2\/pages"}],"about":[{"href":"http:\/\/www.dfjuenemann.de\/tap\/index.php?rest_route=\/wp\/v2\/types\/page"}],"author":[{"embeddable":true,"href":"http:\/\/www.dfjuenemann.de\/tap\/index.php?rest_route=\/wp\/v2\/users\/2"}],"replies":[{"embeddable":true,"href":"http:\/\/www.dfjuenemann.de\/tap\/index.php?rest_route=%2Fwp%2Fv2%2Fcomments&post=338"}],"version-history":[{"count":13,"href":"http:\/\/www.dfjuenemann.de\/tap\/index.php?rest_route=\/wp\/v2\/pages\/338\/revisions"}],"predecessor-version":[{"id":1556,"href":"http:\/\/www.dfjuenemann.de\/tap\/index.php?rest_route=\/wp\/v2\/pages\/338\/revisions\/1556"}],"up":[{"embeddable":true,"href":"http:\/\/www.dfjuenemann.de\/tap\/index.php?rest_route=\/wp\/v2\/pages\/342"}],"wp:attachment":[{"href":"http:\/\/www.dfjuenemann.de\/tap\/index.php?rest_route=%2Fwp%2Fv2%2Fmedia&parent=338"}],"curies":[{"name":"wp","href":"https:\/\/api.w.org\/{rel}","templated":true}]}}