{"id":262,"date":"2011-10-13T22:38:27","date_gmt":"2011-10-13T20:38:27","guid":{"rendered":"http:\/\/www.dfjuenemann.de\/tap\/?page_id=262"},"modified":"2015-01-04T18:07:15","modified_gmt":"2015-01-04T16:07:15","slug":"mehr-sicherheit-in-der-dunklen-jahreszeit","status":"publish","type":"page","link":"http:\/\/www.dfjuenemann.de\/tap\/?page_id=262","title":{"rendered":"Sicher durch die dunkle Jahreszeit"},"content":{"rendered":"<p>Die beginnenden &#8222;dunkleren Monate&#8220; k\u00f6nnen f\u00fcr Hund und Halter unter Umst\u00e4nden zu gef\u00e4hrlichen Situationen f\u00fchren. Alle, die im Dunkeln unterwegs sind, sollten sich und ihren Hund f\u00fcr andere Verkehrsteilnehmer gut sichtbar machen durch reflektierende Kleidung, Warnwesten, Reflektoren und\/oder blinkende L\u00e4mpchen. Hier gibt es mittlerweile eine gro\u00dfe Auswahl f\u00fcr kleine\u00a0und\u00a0gro\u00dfe\u00a0Hunde.<br \/>\nIn unserer Praxis\u00a0bieten wir Ihnen folgende Utensilien zu diesem Zweck an:<\/p>\n<blockquote><p>B&#8217;SEEN Blinkleuchten<br \/>\nLED-Reflektorleuchten<br \/>\nHalsb\u00e4nder mit Reflektoren<br \/>\nund Warnwesten, die sowohl in Verbindung mit einem Halsband als auch einem Geschirr verwendet werden k\u00f6nnen.<\/p><\/blockquote>\n<p>Machen Sie auf sich und ihren Hund aufmerksam im Sinne ihrer eigenen Sicherheit. Denken Sie auch an die Mitnahme einer Taschenlampe, wenn Sie im Dunkeln unterwegs sind.<\/p>\n<p>Unser Praxis-Team w\u00fcnscht Ihnen sch\u00f6ne Herbsttage<\/p>\n","protected":false},"excerpt":{"rendered":"<p>Die beginnenden &#8222;dunkleren Monate&#8220; k\u00f6nnen f\u00fcr Hund und Halter unter Umst\u00e4nden zu gef\u00e4hrlichen Situationen f\u00fchren. Alle, die im Dunkeln unterwegs sind, sollten sich und ihren Hund f\u00fcr andere Verkehrsteilnehmer gut sichtbar machen durch reflektierende Kleidung, Warnwesten, Reflektoren und\/oder blinkende L\u00e4mpchen.<span class=\"ellipsis\">&hellip;<\/span><\/p>\n<div class=\"read-more\"><a href=\"http:\/\/www.dfjuenemann.de\/tap\/?page_id=262\">Weiterlesen \u203a<\/a><\/div>\n<p><!-- end of .read-more --><\/p>\n","protected":false},"author":2,"featured_media":0,"parent":342,"menu_order":4,"comment_status":"closed","ping_status":"closed","template":"","meta":[],"_links":{"self":[{"href":"http:\/\/www.dfjuenemann.de\/tap\/index.php?rest_route=\/wp\/v2\/pages\/262"}],"collection":[{"href":"http:\/\/www.dfjuenemann.de\/tap\/index.php?rest_route=\/wp\/v2\/pages"}],"about":[{"href":"http:\/\/www.dfjuenemann.de\/tap\/index.php?rest_route=\/wp\/v2\/types\/page"}],"author":[{"embeddable":true,"href":"http:\/\/www.dfjuenemann.de\/tap\/index.php?rest_route=\/wp\/v2\/users\/2"}],"replies":[{"embeddable":true,"href":"http:\/\/www.dfjuenemann.de\/tap\/index.php?rest_route=%2Fwp%2Fv2%2Fcomments&post=262"}],"version-history":[{"count":16,"href":"http:\/\/www.dfjuenemann.de\/tap\/index.php?rest_route=\/wp\/v2\/pages\/262\/revisions"}],"predecessor-version":[{"id":1565,"href":"http:\/\/www.dfjuenemann.de\/tap\/index.php?rest_route=\/wp\/v2\/pages\/262\/revisions\/1565"}],"up":[{"embeddable":true,"href":"http:\/\/www.dfjuenemann.de\/tap\/index.php?rest_route=\/wp\/v2\/pages\/342"}],"wp:attachment":[{"href":"http:\/\/www.dfjuenemann.de\/tap\/index.php?rest_route=%2Fwp%2Fv2%2Fmedia&parent=262"}],"curies":[{"name":"wp","href":"https:\/\/api.w.org\/{rel}","templated":true}]}}