{"id":2,"date":"2007-06-03T14:44:47","date_gmt":"2007-06-03T12:44:47","guid":{"rendered":""},"modified":"2014-12-21T12:39:28","modified_gmt":"2014-12-21T10:39:28","slug":"eine-seite","status":"publish","type":"page","link":"http:\/\/www.dfjuenemann.de\/tap\/?page_id=2","title":{"rendered":"Wir \u00fcber uns"},"content":{"rendered":"<p>Nach dem Studium an der TiHo Hannover von 1976-1981 und anschlie\u00dfender Promotion im Jahr 1983 war ich als Assistenztierarzt in Baden-W\u00fcrttemberg und Bayern t\u00e4tig. Im Mai 1986 habe ich mich in Bawinkel niedergelassen. Im Mai 1995 konnten wir unser jetziges Geb\u00e4ude in der M\u00fchlenstra\u00dfe 3-5 beziehen. Von hier aus betreiben wir seither unsere Praxis f\u00fcr Klein-, Heim- und Gro\u00dftiere (Gemischtpraxis) mit Sprechzeiten f\u00fcr die Klein- und Heimtiere und einer mobilen Praxis f\u00fcr die Gro\u00dftiere.<\/p>\n<div id=\"attachment_1084\" style=\"width: 310px\" class=\"wp-caption alignleft\"><a title=\"Sabine &amp; Dirk J\u00fcnemann\" href=\"http:\/\/www.dfjuenemann.de\/tap\/wp-content\/uploads\/2007\/06\/DSCI0537-zugeschnitten-verkleinert.jpg\"><img aria-describedby=\"caption-attachment-1084\" loading=\"lazy\" class=\"size-medium wp-image-1084 \" src=\"http:\/\/www.dfjuenemann.de\/tap\/wp-content\/uploads\/2007\/06\/DSCI0537-zugeschnitten-verkleinert-300x225.jpg\" alt=\"Sabine &amp; Dirk J\u00fcnemann\" width=\"300\" height=\"225\" srcset=\"http:\/\/www.dfjuenemann.de\/tap\/wp-content\/uploads\/2007\/06\/DSCI0537-zugeschnitten-verkleinert-300x225.jpg 300w, http:\/\/www.dfjuenemann.de\/tap\/wp-content\/uploads\/2007\/06\/DSCI0537-zugeschnitten-verkleinert-1024x768.jpg 1024w, http:\/\/www.dfjuenemann.de\/tap\/wp-content\/uploads\/2007\/06\/DSCI0537-zugeschnitten-verkleinert.jpg 2000w\" sizes=\"(max-width: 300px) 100vw, 300px\" \/><\/a><p id=\"caption-attachment-1084\" class=\"wp-caption-text\">Sabine &amp; Dirk J\u00fcnemann<\/p><\/div>\n<p>Meine Frau, Sabine J\u00fcnemann, ist gelernte Krankenschwester und hat nach ihrer Ausbildung (1978-1981) in ihrem Beruf (1981-1986) gearbeitet. Seit Juni 1986 unterst\u00fctzt sie mich in der Praxis. Im Jahr 2003 hat meine Frau sich im Berufsbildungs- und Technologie-Zentrum des Handwerks GmbH (BTZ) zur Fachkraft f\u00fcr Qualit\u00e4tsmanagement nach DIN EN ISO 9000ff:2000 weitergebildet (Pr\u00fcfung durch IHK Osnabr\u00fcck) und bringt ihr so erworbenes Wissen in das Qualit\u00e4tsmanagement und die Qualit\u00e4tssicherung unserer Praxis mit ein.<\/p>\n<p>Seit dem 1. April 2005 ist unsere Praxis durch den bpt GVP-zertifiziert. (N\u00e4heres siehe unter Zertifizierung)<\/p>\n<p>Ab dem 01. Februar 2008 bietet unsere Praxis anderen interessierten Praxen auch die GVP-Beratung an. An deren Ende die Zertifizierung der Praxis nach dem GVP-Codex des bpt stehen kann. Das Angebot kann unter <a href=\"http:\/\/www.sjconsult.de\/\">www.sjconsult.de<\/a> genauer nachgelesen werden.<\/p>\n<p>Unsere Praxis arbeitet mit der Tier\u00e4rztlichen Praxis K\u00e4hler in 49838 Langen im Wochenend- und Vertretungsdienst eng zusammen, so dass auch f\u00fcr Notf\u00e4lle am Wochenende oder w\u00e4hrend der Urlaubszeit immer ein Ansprechpartner f\u00fcr Sie bereit steht.<\/p>\n","protected":false},"excerpt":{"rendered":"<p>Nach dem Studium an der TiHo Hannover von 1976-1981 und anschlie\u00dfender Promotion im Jahr 1983 war ich als Assistenztierarzt in Baden-W\u00fcrttemberg und Bayern t\u00e4tig. Im Mai 1986 habe ich mich in Bawinkel niedergelassen. Im Mai 1995 konnten wir unser jetziges<span class=\"ellipsis\">&hellip;<\/span><\/p>\n<div class=\"read-more\"><a href=\"http:\/\/www.dfjuenemann.de\/tap\/?page_id=2\">Weiterlesen \u203a<\/a><\/div>\n<p><!-- end of .read-more --><\/p>\n","protected":false},"author":1,"featured_media":0,"parent":0,"menu_order":0,"comment_status":"closed","ping_status":"closed","template":"","meta":[],"_links":{"self":[{"href":"http:\/\/www.dfjuenemann.de\/tap\/index.php?rest_route=\/wp\/v2\/pages\/2"}],"collection":[{"href":"http:\/\/www.dfjuenemann.de\/tap\/index.php?rest_route=\/wp\/v2\/pages"}],"about":[{"href":"http:\/\/www.dfjuenemann.de\/tap\/index.php?rest_route=\/wp\/v2\/types\/page"}],"author":[{"embeddable":true,"href":"http:\/\/www.dfjuenemann.de\/tap\/index.php?rest_route=\/wp\/v2\/users\/1"}],"replies":[{"embeddable":true,"href":"http:\/\/www.dfjuenemann.de\/tap\/index.php?rest_route=%2Fwp%2Fv2%2Fcomments&post=2"}],"version-history":[{"count":6,"href":"http:\/\/www.dfjuenemann.de\/tap\/index.php?rest_route=\/wp\/v2\/pages\/2\/revisions"}],"predecessor-version":[{"id":1494,"href":"http:\/\/www.dfjuenemann.de\/tap\/index.php?rest_route=\/wp\/v2\/pages\/2\/revisions\/1494"}],"wp:attachment":[{"href":"http:\/\/www.dfjuenemann.de\/tap\/index.php?rest_route=%2Fwp%2Fv2%2Fmedia&parent=2"}],"curies":[{"name":"wp","href":"https:\/\/api.w.org\/{rel}","templated":true}]}}