{"id":1807,"date":"2018-06-04T09:28:33","date_gmt":"2018-06-04T07:28:33","guid":{"rendered":"http:\/\/www.dfjuenemann.de\/tap\/?page_id=1807"},"modified":"2018-06-04T09:44:25","modified_gmt":"2018-06-04T07:44:25","slug":"datenschutzhinweis","status":"publish","type":"page","link":"http:\/\/www.dfjuenemann.de\/tap\/?page_id=1807","title":{"rendered":"Datenschutzhinweis"},"content":{"rendered":"<p><strong>Datenschutzhinweis<\/strong><\/p>\n<p>Die Rechtsgrundlage der Datenverarbeitung auf dieser Homepage ist Art. 6 Abs. 1 DSGVO. Die \u00dcbermittlung s\u00e4mtlicher Daten ist derzeit noch ungesichert, d. h. sie erfolgt nicht \u00fcber eine https-Verbindung. Daher k\u00f6nnten die \u00fcbermittelten Daten auch unbefugten Dritten zur Kenntnis gelangen.<\/p>\n<p>S\u00e4mtliche erhobene Daten (s. u.) werden zum Zweck der Nutzung dieser Homepage und zum Schutz der Rechte und des (auch geistigen) Eigentums des Herausgebers verarbeitet. Diese Daten werden auch verarbeitet, um den Aufbau sowie die Aufrechterhaltung der Verbindung sowie ein problemloses Surfen auf dieser Homepage gew\u00e4hrleisten zu k\u00f6nnen. Die Datenverarbeitung erfolgt ebenso f\u00fcr administrative Zwecke zur Auswertung von Nutzungsstatistiken.<\/p>\n<p>Die benannten Zwecke begr\u00fcnden im Weiteren das Herausgeberinteresse an der Datenverarbeitung durch Nutzung dieser Homepage an sich.<\/p>\n<p>S\u00e4mtliche erhobene Daten und Informationen werden nicht genutzt, um den Nutzer dieser Homepage pers\u00f6nlich zu identifizieren, es sei denn, er tritt \u00fcber die auf der Webseite angebotenen digitalen M\u00f6glichkeiten mit dem Herausgeber in Kontakt.<\/p>\n<p>Um die Nutzerdaten gegen zuf\u00e4llige oder vors\u00e4tzliche Manipulationen, teilweisen oder vollst\u00e4ndigen Verlust, Zerst\u00f6rung oder gegen den unbefugten Zugriff Dritter zu sch\u00fctzen, kommen im Zugriffsbereich geeignete technische und organisatorische Sicherheitsma\u00dfnahmen zum Einsatz (Art. 25 DSGVO).<\/p>\n<p>Auf dieser Homepage befinden sich Verlinkungen zu anderen Webseiten im Internet. Mit Anklicken dieser Verlinkungen verl\u00e4sst der Nutzer diese Homepage. Der Herausgeber dieser Homepage \u00fcbernimmt keine Haftung f\u00fcr Rechtsverletzungen, dahingestellt aus welchem Rechtsgrund, die mit dem Anklicken der Verlinkungen sowie dem Verlassen dieser Homepage einhergehen k\u00f6nnten. Insbesondere haftet der Herausgeber nicht f\u00fcr Datenschutzverletzungen, die sich allein durch Anklicken oder Mausber\u00fchrung der Verlinkungen sowie dar\u00fcber hinaus durch Besuch der extern verlinkten Seiten ergeben.<\/p>\n<p>Beim Aufrufen dieser Homepage werden durch den vom Nutzer verwendeten Browser automatisch verschiedene Informationen an den Server, von dem diese Homepage in dem Moment abgerufen wird, \u00fcbertragen. Diese werden zumindest zeitweilig in einer Speicherdatei auf dem Server erfasst, einem sogenannten Log-File. Davon unbenommen sind Daten, die der Internetprovider des Nutzers auf gesetzlicher oder sonstiger Basis vom Nutzer erfasst und eventuell speichert. Vorbenannte Informationen sind z. B. die IP-Adresse des Nutzer-Endger\u00e4tes, Datum und Uhrzeit des Zugriffs, Name und Internetadresse der abgerufenen Dateien, die Ursprungswebseite, von der aus der Zugriff erfolgt, der zugreifende Browser und das Betriebssystem des Zugriffger\u00e4tes sowie der Name des Access-Providers des Nutzers.<\/p>\n<p>Auf dieser Homepage wird die M\u00f6glichkeit des Direktkontaktes \u00fcber ein entsprechendes Formular geboten, in dem der Nutzer seine Daten freiwillig eintragen kann. Dazu geh\u00f6rt auch eine vom Nutzer anzugebende E-Mailadresse oder Telefonnummer, die als Pflichtfeld gekennzeichnet sind, da der gew\u00fcnschte Kontakt sonst nicht hergestellt werden kann. Mit dem Eintrag und der Best\u00e4tigung des Opt-Ins zur Kontaktaufnahme erteilt der Nutzer dem Herausgeber die freiwillige Einwilligung zu dieser Kontaktaufnahme nach Art. 6 Abs. 1 Satz 1 a) DSGVO. Die \u00fcbermittelten Kontaktdaten werden gel\u00f6scht, wenn die Nutzeranfrage abschlie\u00dfend bearbeitet wurde, bzw. unabh\u00e4ngig von einer erfolgten Kontaktaufnahme automatisch sp\u00e4testens nach einem Monat.<\/p>\n<p>&nbsp;<\/p>\n<p><strong>Weiterhin hat der Nutzer als Betroffene(r) folgende Rechte:<\/strong><\/p>\n<p>Der Nutzer kann gem\u00e4\u00df Art. 15 DSGVO Auskunft \u00fcber seine vom Herausgeber verarbeiteten personenbezogenen Daten verlangen. Dies betrifft besonders den Verarbeitungszweck, die Kategorie der personenbezogenen Daten, die Kategorien von Empf\u00e4ngern, denen die Nutzerdaten \u00fcbermittelt werden, die Speicherdauer der Nutzerdaten, die Nutzerrechte auf Berichtigung (Art. 16 DSGVO), L\u00f6schung (Art. 17 DSGVO), Einschr\u00e4nkung der Verarbeitung (Art. 18 DSGVO) oder Widerspruch (Art. 21 DSGVO) sowie das Bestehen eines Beschwerderechts (Art. 77 DSGVO).<\/p>\n<p>Au\u00dferdem hat der Nutzer das Recht auf Daten\u00fcbertragbarkeit (Art. 20 DSGVO), das hei\u00dft \u00dcbermittlung der vom Nutzer bereitgestellten Daten durch den Herausgeber der Seite in einem strukturierten, g\u00e4ngigen und maschinenlesebaren Format an sich selbst oder an einen anderen Verantwortlichen.<\/p>\n<p>Sollte der Nutzer dem Herausgeber eine Einwilligung zur Datenerhebung erteilt haben, kann diese gem\u00e4\u00df Art. 7 Abs. 3 DSGVO jederzeit widerrufen oder abge\u00e4ndert werden. Dies hat zur Folge, dass die Datenverarbeitung, die auf dieser Einwilligung beruhte, f\u00fcr die Zukunft nicht mehr in der vormaligen Weise fortgef\u00fchrt werden darf.<\/p>\n","protected":false},"excerpt":{"rendered":"<p>Datenschutzhinweis Die Rechtsgrundlage der Datenverarbeitung auf dieser Homepage ist Art. 6 Abs. 1 DSGVO. Die \u00dcbermittlung s\u00e4mtlicher Daten ist derzeit noch ungesichert, d. h. sie erfolgt nicht \u00fcber eine https-Verbindung. Daher k\u00f6nnten die \u00fcbermittelten Daten auch unbefugten Dritten zur Kenntnis<span class=\"ellipsis\">&hellip;<\/span><\/p>\n<div class=\"read-more\"><a href=\"http:\/\/www.dfjuenemann.de\/tap\/?page_id=1807\">Weiterlesen \u203a<\/a><\/div>\n<p><!-- end of .read-more --><\/p>\n","protected":false},"author":2,"featured_media":0,"parent":0,"menu_order":7,"comment_status":"closed","ping_status":"closed","template":"","meta":[],"_links":{"self":[{"href":"http:\/\/www.dfjuenemann.de\/tap\/index.php?rest_route=\/wp\/v2\/pages\/1807"}],"collection":[{"href":"http:\/\/www.dfjuenemann.de\/tap\/index.php?rest_route=\/wp\/v2\/pages"}],"about":[{"href":"http:\/\/www.dfjuenemann.de\/tap\/index.php?rest_route=\/wp\/v2\/types\/page"}],"author":[{"embeddable":true,"href":"http:\/\/www.dfjuenemann.de\/tap\/index.php?rest_route=\/wp\/v2\/users\/2"}],"replies":[{"embeddable":true,"href":"http:\/\/www.dfjuenemann.de\/tap\/index.php?rest_route=%2Fwp%2Fv2%2Fcomments&post=1807"}],"version-history":[{"count":2,"href":"http:\/\/www.dfjuenemann.de\/tap\/index.php?rest_route=\/wp\/v2\/pages\/1807\/revisions"}],"predecessor-version":[{"id":1810,"href":"http:\/\/www.dfjuenemann.de\/tap\/index.php?rest_route=\/wp\/v2\/pages\/1807\/revisions\/1810"}],"wp:attachment":[{"href":"http:\/\/www.dfjuenemann.de\/tap\/index.php?rest_route=%2Fwp%2Fv2%2Fmedia&parent=1807"}],"curies":[{"name":"wp","href":"https:\/\/api.w.org\/{rel}","templated":true}]}}