{"id":1159,"date":"2013-08-27T12:15:57","date_gmt":"2013-08-27T10:15:57","guid":{"rendered":"http:\/\/www.dfjuenemann.de\/tap\/?page_id=1159"},"modified":"2015-01-04T18:03:18","modified_gmt":"2015-01-04T16:03:18","slug":"aus-aktuellem-anlass-fledermause-nicht-anfassen","status":"publish","type":"page","link":"http:\/\/www.dfjuenemann.de\/tap\/?page_id=1159","title":{"rendered":"Fledermaus nicht ohne Handschuh!"},"content":{"rendered":"<p>Ein Kunde hatte eine Fledermaus, lebend, aber schlapp, auf der Stra\u00dfe gefunden. Mit einem Handschuh hatte er diese in einen mit weichem Papier gef\u00fctterten Karton gesetzt und hier in der Praxis vorgestellt. Die Fledermaus war anfangs nicht sehr agil, drohte aber permanent mit ihren Z\u00e4hnen. Ich verabreichte der Fledermaus Wasser mit einer Spritze, das sie auch aufnahm. Daraufhin wurde die Fledermaus lebhafter, weshalb wir ihr auch Nassfutter anboten. Ich hatte vorher darauf\u00a0 hingewiesen, die Fledermaus nicht anzufassen, da es sich um ein wildes Tier handele, dessen Reaktion nicht abzusch\u00e4tzen sei. <em>Flederm\u00e4use sind definitiv keine Streicheltiere<\/em>. Au\u00dferdem k\u00f6nnen Flederm\u00e4use das Tollwutvirus beherbergen und stellen daher eine <em>potentielle Gefahr f\u00fcr den Menschen<\/em> dar, wenn dieser von einer Fledermaus gebissen wird. Trotz dieser Warnungen kam es zu einem Bei\u00dfunfall, nicht weil jemand die Fledermaus h\u00e4tte anfassen wollen, sondern weil diese das Futterangebot nicht annahm, sondern weiter auf die Hand des Futterreichers krabbelte und diesen spontan in den Handballen biss.<\/p>\n<p>Es wurden daraufhin Sofortma\u00dfnahmen durch den Arzt eingeleitet: Gabe von Tollwut-Serum und eine parallele Tollwut-Impfung.<\/p>\n<p>Also: wer eine hilflose Fledermaus findet, soll diese selbstverst\u00e4ndlich zum Tierarzt bringen, aber keinesfalls ohne einen dicken\u00a0 Lederhandschuh anfassen, der vor dem Biss der kleinen Fledermausz\u00e4hnchen sch\u00fctzt!<\/p>\n<p>&nbsp;<\/p>\n<p>Ihre Tier\u00e4rztliche Praxis Bawinkel<\/p>\n<p>&nbsp;<\/p>\n<p>&nbsp;<\/p>\n","protected":false},"excerpt":{"rendered":"<p>Ein Kunde hatte eine Fledermaus, lebend, aber schlapp, auf der Stra\u00dfe gefunden. Mit einem Handschuh hatte er diese in einen mit weichem Papier gef\u00fctterten Karton gesetzt und hier in der Praxis vorgestellt. Die Fledermaus war anfangs nicht sehr agil, drohte<span class=\"ellipsis\">&hellip;<\/span><\/p>\n<div class=\"read-more\"><a href=\"http:\/\/www.dfjuenemann.de\/tap\/?page_id=1159\">Weiterlesen \u203a<\/a><\/div>\n<p><!-- end of .read-more --><\/p>\n","protected":false},"author":2,"featured_media":0,"parent":342,"menu_order":0,"comment_status":"closed","ping_status":"closed","template":"","meta":[],"_links":{"self":[{"href":"http:\/\/www.dfjuenemann.de\/tap\/index.php?rest_route=\/wp\/v2\/pages\/1159"}],"collection":[{"href":"http:\/\/www.dfjuenemann.de\/tap\/index.php?rest_route=\/wp\/v2\/pages"}],"about":[{"href":"http:\/\/www.dfjuenemann.de\/tap\/index.php?rest_route=\/wp\/v2\/types\/page"}],"author":[{"embeddable":true,"href":"http:\/\/www.dfjuenemann.de\/tap\/index.php?rest_route=\/wp\/v2\/users\/2"}],"replies":[{"embeddable":true,"href":"http:\/\/www.dfjuenemann.de\/tap\/index.php?rest_route=%2Fwp%2Fv2%2Fcomments&post=1159"}],"version-history":[{"count":10,"href":"http:\/\/www.dfjuenemann.de\/tap\/index.php?rest_route=\/wp\/v2\/pages\/1159\/revisions"}],"predecessor-version":[{"id":1561,"href":"http:\/\/www.dfjuenemann.de\/tap\/index.php?rest_route=\/wp\/v2\/pages\/1159\/revisions\/1561"}],"up":[{"embeddable":true,"href":"http:\/\/www.dfjuenemann.de\/tap\/index.php?rest_route=\/wp\/v2\/pages\/342"}],"wp:attachment":[{"href":"http:\/\/www.dfjuenemann.de\/tap\/index.php?rest_route=%2Fwp%2Fv2%2Fmedia&parent=1159"}],"curies":[{"name":"wp","href":"https:\/\/api.w.org\/{rel}","templated":true}]}}