{"id":10,"date":"2007-06-03T18:59:04","date_gmt":"2007-06-03T16:59:04","guid":{"rendered":"http:\/\/www.dfjuenemann.de\/tap\/?page_id=10"},"modified":"2015-01-21T00:43:33","modified_gmt":"2015-01-20T22:43:33","slug":"links","status":"publish","type":"page","link":"http:\/\/www.dfjuenemann.de\/tap\/?page_id=10","title":{"rendered":"Links"},"content":{"rendered":"<p><a title=\"Vetoquinol Wurmalarm\" href=\"http:\/\/www.vetoquinol.de\/wurmalarm\"><img title=\"Vetoquinol Wurmalarm\" src=\"http:\/\/www.vetoquinol.de\/de\/images\/banner\/vetoquinol-banner-468x60.jpg\" alt=\"Vetoquinol Wurmalarm\" border=\"0\" \/><\/a><\/p>\n<p><a href=\"http:\/\/www.royal-canin.de\/hautundfell\">www.royal-canin.de\/hautundfell<\/a><\/p>\n<p>Tierhalter-Forum der Fa. Royal Canin, insbesondere zur Darstellung von Leidensgeschichten bei Haut- und Fellerkrankungen in Verbindung mit Di\u00e4tnahrung<\/p>\n<p><a href=\"http:\/\/www.vetmed.uni-giessen.de\/pharmtox\/mdr1_defekt.html\" target=\"_blank\">Uni Giessen &#8211; MDR1 Defekt<\/a> | <a href=\"http:\/\/www.mdr1-defekt.de\/\" target=\"_blank\">MDR1-Defekt.de<\/a><br \/>\nSeit Jahren ist bekannt, dass der Collie an einer besonderen Medikamentenempfindlichkeit leidet. Bereits 2001 wurde ein Gendefekt (MDR1-Defekt) entdeckt und inzwischen ein Testverfahren bei der Veterin\u00e4rmedizinischen Universit\u00e4t Gie\u00dfen entwickelt, das zwischen betroffenen Hunden (MDR1 -\/-), Merkmalstr\u00e4gern (MDR1 +\/-) und nicht betroffenen Hunden (MDR1 +\/+) unterscheidet.<\/p>\n<p>Neben dem Collie k\u00f6nnen auch andere Rassen wie Sheltie oder der Australian Shepherd betroffen sein, weitere Rassen stehen unter Verdacht, und nicht nur Avermectine und Loperamid sind gef\u00e4hrlich f\u00fcr betroffene Hunde. Auch eine Vielzahl anderer Wirkstoffe, sogenannte MDR1-Substrate, bergen erh\u00f6hte Risiken &#8211; und l\u00e4ngst nicht alle Wirkstoffe sind als MDR1-relevant bekannt oder erforscht. N\u00e4here Information k\u00f6nnen Sie auf den o.a. Internetseiten erhalten.<\/p>\n<p><a href=\"http:\/\/www.tasso.net\/\" target=\"_blank\">tasso.net<\/a><br \/>\nTasso-Haustierzentralregister<\/p>\n<p><a href=\"http:\/\/www.auswaertigesamt.de\/\" target=\"_blank\">Ausw\u00e4rtiges Amt.de<\/a><br \/>\nInformationen zu Auslandsreisen mit Tieren<\/p>\n<p><a href=\"http:\/\/www.canosan.de\/\" target=\"_blank\">Canosan.de<\/a><br \/>\nTest zur Abkl\u00e4rung, ob Ihr Hund ein hohes Risiko f\u00fcr Gelenkprobleme hat<\/p>\n<p><a href=\"http:\/\/www.zoonetz.de\/info_10_reise.html\" target=\"_blank\">Zoonetz.de<\/a><br \/>\nTolle Informationen rund um die Reise<\/p>\n<p><a href=\"http:\/\/www.comfortplan.de\/hundehaftpflicht.php\">comfortplan.de\/hundehaftpflicht.php<\/a><br \/>\nTipps zur Hundehaftpflicht bei einem Online Tierversicherungs- Portal. Eine Hundehaftpflichtversicherung ist f\u00fcr alle Hundebesitzer wichtig.<\/p>\n<p><a href=\"http:\/\/www.intervet.de\/news\/pets_on_tour.asp\" target=\"_blank\">Pets On Tour<\/a><br \/>\nInfos \u00fcber Tierkrankheiten in Reisel\u00e4ndern, Einreisebestimmungen, Tipps<\/p>\n<p><a href=\"http:\/\/europa.eu.int\/comm\/food\/animal\/liveanimals\/pets\/qanda_de.htm\" target=\"_blank\">EU-Heimtierpass<\/a><br \/>\nausf\u00fchrliche Informationen zum EU-Heimtierpass, der ab 01. Oktober 2004 f\u00fcr Hunde, Katzen und Frettchen beim innergemeinschaftlichen Verbringen vorgeschrieben ist<\/p>\n<p><a href=\"http:\/\/www.wuff.de\/\" target=\"_blank\">www.wuff.de<\/a><br \/>\nDie Seite des bekannten Hundemagazins<\/p>\n<p><a href=\"http:\/\/www.kleintierkrematorium.de\/\" target=\"_blank\"><img loading=\"lazy\" src=\"http:\/\/www.dfjuenemann.de\/tap\/images\/ktklogo.gif\" alt=\"kleintierkrematorium.de\" width=\"234\" height=\"60\" border=\"1\" \/><\/a><\/p>\n<p><strong>Infos f\u00fcr die Landwirtschaft<\/strong>:<\/p>\n<p><a href=\"http:\/\/www.topagrar.de\/\" target=\"_blank\">Top Agrar.de<\/a><br \/>\nNews und Serviceangebote f\u00fcr die Landwirtschaft<\/p>\n<p><a href=\"http:\/\/www.lw-verlag.de\/\" target=\"_blank\">LW-Verlag.de<\/a><br \/>\nThemen der Woche, Marktberichte im \u00dcberblick<\/p>\n<p><strong>Qualit\u00e4tsmanagement(QM) nach dem GVP-Standard<\/strong>:<\/p>\n<p><a href=\"http:\/\/www.sjconsult.de\/\" target=\"_blank\">SJConsult<\/a><br \/>\nSJConsult hat sich um die Einf\u00fchrung der GVP in unserer Praxis gek\u00fcmmert.<\/p>\n","protected":false},"excerpt":{"rendered":"<p>www.royal-canin.de\/hautundfell Tierhalter-Forum der Fa. Royal Canin, insbesondere zur Darstellung von Leidensgeschichten bei Haut- und Fellerkrankungen in Verbindung mit Di\u00e4tnahrung Uni Giessen &#8211; MDR1 Defekt | MDR1-Defekt.de Seit Jahren ist bekannt, dass der Collie an einer besonderen Medikamentenempfindlichkeit leidet. Bereits 2001<span class=\"ellipsis\">&hellip;<\/span><\/p>\n<div class=\"read-more\"><a href=\"http:\/\/www.dfjuenemann.de\/tap\/?page_id=10\">Weiterlesen \u203a<\/a><\/div>\n<p><!-- end of .read-more --><\/p>\n","protected":false},"author":1,"featured_media":0,"parent":0,"menu_order":5,"comment_status":"closed","ping_status":"closed","template":"","meta":[],"_links":{"self":[{"href":"http:\/\/www.dfjuenemann.de\/tap\/index.php?rest_route=\/wp\/v2\/pages\/10"}],"collection":[{"href":"http:\/\/www.dfjuenemann.de\/tap\/index.php?rest_route=\/wp\/v2\/pages"}],"about":[{"href":"http:\/\/www.dfjuenemann.de\/tap\/index.php?rest_route=\/wp\/v2\/types\/page"}],"author":[{"embeddable":true,"href":"http:\/\/www.dfjuenemann.de\/tap\/index.php?rest_route=\/wp\/v2\/users\/1"}],"replies":[{"embeddable":true,"href":"http:\/\/www.dfjuenemann.de\/tap\/index.php?rest_route=%2Fwp%2Fv2%2Fcomments&post=10"}],"version-history":[{"count":11,"href":"http:\/\/www.dfjuenemann.de\/tap\/index.php?rest_route=\/wp\/v2\/pages\/10\/revisions"}],"predecessor-version":[{"id":1573,"href":"http:\/\/www.dfjuenemann.de\/tap\/index.php?rest_route=\/wp\/v2\/pages\/10\/revisions\/1573"}],"wp:attachment":[{"href":"http:\/\/www.dfjuenemann.de\/tap\/index.php?rest_route=%2Fwp%2Fv2%2Fmedia&parent=10"}],"curies":[{"name":"wp","href":"https:\/\/api.w.org\/{rel}","templated":true}]}}